{"id":82,"date":"2014-08-31T18:19:20","date_gmt":"2014-08-31T16:19:20","guid":{"rendered":"http:\/\/poisontribute.de\/?page_id=82"},"modified":"2023-10-21T18:51:09","modified_gmt":"2023-10-21T16:51:09","slug":"booking","status":"publish","type":"page","link":"http:\/\/poisontribute.de\/?page_id=82","title":{"rendered":"Infos- Booking"},"content":{"rendered":"<h3>Email- Adresse:<\/h3>\n<h3><span style=\"color: #000000;\"><a style=\"color: #000000;\" href=\"mailto:poison_tribute@web.de\"><span style=\"color: #ff0000;\">poison_tribute@web.de<\/span><\/a><\/span><\/h3>\n<h3><span style=\"color: #000000;\">Infos f\u00fcr Techniker<\/span><\/h3>\n<p><img loading=\"lazy\" decoding=\"async\" class=\"alignnone wp-image-668 size-full\" src=\"http:\/\/poisontribute.de\/wp-content\/uploads\/2023\/07\/Stageplan-The-Horny-Glamfuckers.png\" alt=\"\" width=\"1059\" height=\"720\" srcset=\"http:\/\/poisontribute.de\/wp-content\/uploads\/2023\/07\/Stageplan-The-Horny-Glamfuckers.png 1059w, http:\/\/poisontribute.de\/wp-content\/uploads\/2023\/07\/Stageplan-The-Horny-Glamfuckers-300x204.png 300w, http:\/\/poisontribute.de\/wp-content\/uploads\/2023\/07\/Stageplan-The-Horny-Glamfuckers-1024x696.png 1024w, http:\/\/poisontribute.de\/wp-content\/uploads\/2023\/07\/Stageplan-The-Horny-Glamfuckers-768x522.png 768w\" sizes=\"(max-width: 1059px) 100vw, 1059px\" \/><\/p>\n<h3><span style=\"color: #000000;\">Techniker braucht:<\/span><\/h3>\n<h3><span style=\"color: #000000;\">\u2013 16 Eing\u00e4nge + ein Chinch Eingang f\u00fcr Mischpullt<\/span><br \/><span style=\"color: #000000;\">\u2013 16 XLR Kabel (inklusive Abnahme Drum)<\/span><br \/><span style=\"color: #000000;\">\u2013 3 Gesangmicros mit St\u00e4nder u. obtimal 4 Monitore<\/span><br \/><span style=\"color: #000000;\">\u2013 1 E-Gitarrenverst\u00e4rker-Micro f\u00fcr Abnahme Gitarrenverst\u00e4rker, (Bassverst\u00e4rker wird \u00a0 \u00a0 \u00fcber Lineout abgenommen)<\/span><br \/><span style=\"color: #000000;\">\u2013 Stagebox f\u00fcr Akustik-Gitarren<\/span><br \/><span style=\"color: #000000;\">\u2013 Drummicros f\u00fcr Snear, 3 Toms, Bassdrum, 2 Overheads(Becken)<\/span><br \/><span style=\"color: #000000;\">\u2013 Mp3 Anschluss f\u00fcr Intro abspielen, oder wir geben die Mp3 Intros den Techniker f\u00fcr sein Laptop zum abspielen<\/span><br \/><span style=\"color: #000000;\">\u2013 gesammte PA plus Lichtanlage und St\u00e4nder f\u00fcr Micro- Abnahme muss gestellt werden.<\/span><\/h3>\n<h3><span style=\"color: #000000;\">Band bringt mit:<\/span><br \/><span style=\"color: #000000;\">\u2013 Instrumente:\u00a0 E-Gitarre, Akustikgitarre, Bass, Schlagzeug, ein Funk-Micro f\u00fcr Hauptgesang<\/span><br \/><span style=\"color: #000000;\">\u2013 E- Bassverst\u00e4rker,\u00a0 E Gitarrenverst\u00e4rker<\/span><\/h3>\n<h3>Pressetext:<\/h3>\n<h2><span style=\"color: #000000;\">Poison Tribute<\/span><\/h2>\n<h3>The Horny Glamfuckers,<br \/>eine vierk\u00f6pfige Tribute-Band aus dem Raum Dresden, bringt allen Freunden des Glam-Rock ein seltenes Live-Erlebnis auf die B\u00fchne \u2013 gespielt werden die Songs der Band POISON!<br \/>In den 80ern erreichte POISON neben M\u00f6tley Cr\u00fce weitreichende Popularit\u00e4t u.a. mit Songs wie Every Rose Has It&#8217;s Thorn, Nothing but a Good Time, Talk Dirty to Me. Mit \u00fcber 15 Mio verkauften Alben in den USA z\u00e4hlten Poison zu den erfolgreichsten Rockbands ihrer Zeit. <br \/>The Horny Glamfuckers spielen POISON mit viel Herzblut und geben der Band einen w\u00fcrdigen Tribut. Mehrstimmige Satzges\u00e4nge, treibende Gitarrensoli und sogar Mundharmonika ergeben einen mitrei\u00dfenden Glam-Metal-Sound, der die 80er Jahre am Schlafittchen zu packen wei\u00df!<\/h3>\n<h3>Der Spa\u00df kommt dabei nicht zu kurz wenn zwischendurch auch Hits gespielt werden von Bands die POISON selber auch gecovert haben, wie unter anderen KISS, SWEET, THE ROMANTICS bis hin zu TOM PEETY.<\/h3>\n<h3>Stimmung ist angesagt!<\/h3>\n<h3><img loading=\"lazy\" decoding=\"async\" class=\"alignnone wp-image-698 size-full\" src=\"http:\/\/poisontribute.de\/wp-content\/uploads\/2023\/10\/Glamfuckers1-1-scaled.jpg\" alt=\"\" width=\"2560\" height=\"2011\" srcset=\"http:\/\/poisontribute.de\/wp-content\/uploads\/2023\/10\/Glamfuckers1-1-scaled.jpg 2560w, http:\/\/poisontribute.de\/wp-content\/uploads\/2023\/10\/Glamfuckers1-1-300x236.jpg 300w, http:\/\/poisontribute.de\/wp-content\/uploads\/2023\/10\/Glamfuckers1-1-1024x805.jpg 1024w, http:\/\/poisontribute.de\/wp-content\/uploads\/2023\/10\/Glamfuckers1-1-768x603.jpg 768w, http:\/\/poisontribute.de\/wp-content\/uploads\/2023\/10\/Glamfuckers1-1-1536x1207.jpg 1536w, http:\/\/poisontribute.de\/wp-content\/uploads\/2023\/10\/Glamfuckers1-1-2048x1609.jpg 2048w\" sizes=\"(max-width: 2560px) 100vw, 2560px\" \/><\/h3>\n<h2>\u00a0<\/h2>\n\n\n<figure class=\"wp-block-image size-large is-resized\"><img loading=\"lazy\" decoding=\"async\" width=\"1024\" height=\"688\" src=\"http:\/\/poisontribute.de\/wp-content\/uploads\/2014\/08\/Unbenannt-1024x688.png\" alt=\"\" class=\"wp-image-324\" style=\"width:580px;height:389px\" srcset=\"http:\/\/poisontribute.de\/wp-content\/uploads\/2014\/08\/Unbenannt-1024x688.png 1024w, http:\/\/poisontribute.de\/wp-content\/uploads\/2014\/08\/Unbenannt-300x201.png 300w, http:\/\/poisontribute.de\/wp-content\/uploads\/2014\/08\/Unbenannt-120x80.png 120w, http:\/\/poisontribute.de\/wp-content\/uploads\/2014\/08\/Unbenannt.png 1181w\" sizes=\"(max-width: 1024px) 100vw, 1024px\" \/><\/figure>\n\n\n\n<figure class=\"wp-block-image size-large\"><img loading=\"lazy\" decoding=\"async\" width=\"723\" height=\"1024\" src=\"http:\/\/poisontribute.de\/wp-content\/uploads\/2014\/08\/Poison-Tribute-Plakat-723x1024.png\" alt=\"\" class=\"wp-image-339\" srcset=\"http:\/\/poisontribute.de\/wp-content\/uploads\/2014\/08\/Poison-Tribute-Plakat-723x1024.png 723w, http:\/\/poisontribute.de\/wp-content\/uploads\/2014\/08\/Poison-Tribute-Plakat-212x300.png 212w\" sizes=\"(max-width: 723px) 100vw, 723px\" \/><\/figure>\n","protected":false},"excerpt":{"rendered":"<p>Email- Adresse: poison_tribute@web.de Infos f\u00fcr Techniker Techniker braucht: \u2013 16 Eing\u00e4nge + ein Chinch Eingang f\u00fcr Mischpullt\u2013 16 XLR Kabel (inklusive Abnahme Drum)\u2013 3 Gesangmicros mit St\u00e4nder u. obtimal 4 Monitore\u2013 1 E-Gitarrenverst\u00e4rker-Micro f\u00fcr Abnahme Gitarrenverst\u00e4rker, (Bassverst\u00e4rker wird \u00a0 \u00a0 \u00fcber Lineout abgenommen)\u2013 Stagebox f\u00fcr Akustik-Gitarren\u2013 Drummicros f\u00fcr Snear, 3 Toms, Bassdrum, 2 Overheads(Becken)\u2013 Mp3 <span class=\"ellipsis\">&hellip;<\/span> <span class=\"more-link-wrap\"><a href=\"http:\/\/poisontribute.de\/?page_id=82\" class=\"more-link\"><span>Continue Reading &rarr;<\/span><\/a><\/span><\/p>\n","protected":false},"author":1,"featured_media":0,"parent":0,"menu_order":0,"comment_status":"open","ping_status":"open","template":"","meta":{"footnotes":""},"aioseo_notices":[],"jetpack_sharing_enabled":true,"_links":{"self":[{"href":"http:\/\/poisontribute.de\/index.php?rest_route=\/wp\/v2\/pages\/82"}],"collection":[{"href":"http:\/\/poisontribute.de\/index.php?rest_route=\/wp\/v2\/pages"}],"about":[{"href":"http:\/\/poisontribute.de\/index.php?rest_route=\/wp\/v2\/types\/page"}],"author":[{"embeddable":true,"href":"http:\/\/poisontribute.de\/index.php?rest_route=\/wp\/v2\/users\/1"}],"replies":[{"embeddable":true,"href":"http:\/\/poisontribute.de\/index.php?rest_route=%2Fwp%2Fv2%2Fcomments&post=82"}],"version-history":[{"count":47,"href":"http:\/\/poisontribute.de\/index.php?rest_route=\/wp\/v2\/pages\/82\/revisions"}],"predecessor-version":[{"id":703,"href":"http:\/\/poisontribute.de\/index.php?rest_route=\/wp\/v2\/pages\/82\/revisions\/703"}],"wp:attachment":[{"href":"http:\/\/poisontribute.de\/index.php?rest_route=%2Fwp%2Fv2%2Fmedia&parent=82"}],"curies":[{"name":"wp","href":"https:\/\/api.w.org\/{rel}","templated":true}]}}