{"id":2,"date":"2014-08-07T16:59:28","date_gmt":"2014-08-07T16:59:28","guid":{"rendered":"http:\/\/poisontribute.de\/?page_id=2"},"modified":"2023-02-18T21:30:59","modified_gmt":"2023-02-18T19:30:59","slug":"beispiel-seite","status":"publish","type":"page","link":"http:\/\/poisontribute.de\/","title":{"rendered":"Poison Tribute Band"},"content":{"rendered":"<h1><span style=\"color: #ff0000;\"><strong>You want Action? We\u2019ve got it!<\/strong><\/span><\/h1>\n<h3>The Horny Glamfuckers,<br \/>\neine vierk\u00f6pfige Tribute-Band aus dem Raum Dresden, bringt allen Freunden des Glam-Rock ein seltenes Live-Erlebnis auf die B\u00fchne \u2013 gespielt werden die Songs der Band POISON!<br \/>\nIn den 80ern erreichte POISON neben M\u00f6tley Cr\u00fce weitreichende Popularit\u00e4t u.a. mit Songs wie Every Rose Has It&#8217;s Thorn, Nothing but a Good Time, Talk Dirty to Me. Mit \u00fcber 15 Mio verkauften Alben in den USA z\u00e4hlten Poison zu den erfolgreichsten Rockbands ihrer Zeit.<br \/>\nThe Horny Glamfuckers spielen POISON mit viel Herzblut und geben der Band einen w\u00fcrdigen Tribut. Mehrstimmige Satzges\u00e4nge, treibende Gitarrensoli und sogar Mundharmonika ergeben einen mitrei\u00dfenden Glam-Metal-Sound, der die 80er Jahre am Schlafittchen zu packen wei\u00df!<\/h3>\n<h3>Der Spa\u00df kommt dabei nicht zu kurz wenn zwischendurch auch Hits gespielt werden von Bands die POISON selber auch gecovert haben, wie unter anderen KISS, SWEET,\u00a0 THE ROMANTICS bis hin zu TOM PEETY.<br \/>\nStimmung ist angesagt!<\/h3>\n","protected":false},"excerpt":{"rendered":"<p>You want Action? We\u2019ve got it! The Horny Glamfuckers, eine vierk\u00f6pfige Tribute-Band aus dem Raum Dresden, bringt allen Freunden des Glam-Rock ein seltenes Live-Erlebnis auf die B\u00fchne \u2013 gespielt werden die Songs der Band POISON! In den 80ern erreichte POISON neben M\u00f6tley Cr\u00fce weitreichende Popularit\u00e4t u.a. mit Songs wie Every Rose Has It&#8217;s Thorn, Nothing <span class=\"ellipsis\">&hellip;<\/span> <span class=\"more-link-wrap\"><a href=\"http:\/\/poisontribute.de\/\" class=\"more-link\"><span>Continue Reading &rarr;<\/span><\/a><\/span><\/p>\n","protected":false},"author":1,"featured_media":0,"parent":0,"menu_order":0,"comment_status":"open","ping_status":"open","template":"","meta":{"footnotes":""},"aioseo_notices":[],"jetpack_sharing_enabled":true,"_links":{"self":[{"href":"http:\/\/poisontribute.de\/index.php?rest_route=\/wp\/v2\/pages\/2"}],"collection":[{"href":"http:\/\/poisontribute.de\/index.php?rest_route=\/wp\/v2\/pages"}],"about":[{"href":"http:\/\/poisontribute.de\/index.php?rest_route=\/wp\/v2\/types\/page"}],"author":[{"embeddable":true,"href":"http:\/\/poisontribute.de\/index.php?rest_route=\/wp\/v2\/users\/1"}],"replies":[{"embeddable":true,"href":"http:\/\/poisontribute.de\/index.php?rest_route=%2Fwp%2Fv2%2Fcomments&post=2"}],"version-history":[{"count":74,"href":"http:\/\/poisontribute.de\/index.php?rest_route=\/wp\/v2\/pages\/2\/revisions"}],"predecessor-version":[{"id":661,"href":"http:\/\/poisontribute.de\/index.php?rest_route=\/wp\/v2\/pages\/2\/revisions\/661"}],"wp:attachment":[{"href":"http:\/\/poisontribute.de\/index.php?rest_route=%2Fwp%2Fv2%2Fmedia&parent=2"}],"curies":[{"name":"wp","href":"https:\/\/api.w.org\/{rel}","templated":true}]}}